{"id":5655345,"date":"2021-05-03T11:45:10","date_gmt":"2021-05-03T11:45:10","guid":{"rendered":"https:\/\/ingridvwr.be\/ivwr\/"},"modified":"2023-11-23T09:00:45","modified_gmt":"2023-11-23T09:00:45","slug":"ivwr-fr","status":"publish","type":"page","link":"https:\/\/ingridvwr.be\/fr\/ivwr-fr\/","title":{"rendered":"IvWR"},"content":{"rendered":"[vc_row][vc_column][vc_empty_space height=\u00a0\u00bb150px\u00a0\u00bb][\/vc_column][\/vc_row][vc_row][vc_column width=\u00a0\u00bb1\/4&Prime; offset=\u00a0\u00bbvc_hidden-xs\u00a0\u00bb][vc_row_inner][vc_column_inner][vc_single_image image=\u00a0\u00bb5656312&Prime; img_size=\u00a0\u00bbfull\u00a0\u00bb][vc_empty_space height=\u00a0\u00bb40px\u00a0\u00bb]\n\t<div class=\"norebro-video-module-sc video-module preview  with-anim\"\n\t\tid=\"norebro-custom-69e9adbc890c7\"\n\t\tdata-video-module=\"https:\/\/www.youtube.com\/embed\/jR5YnuVFM4E\"\n\t\tdata-video-start=\"0\"\n\t\t\t\t data-aos-duration=\"1000\">\n\n\t\t<div class=\"image-wrap\">\n\t\t\t\t\t\t\t<img src=\"https:\/\/ingridvwr.be\/wp-content\/uploads\/2021\/05\/CollageFUll-1080.jpg\" alt=\"\">\n\t\t\t\t\t<\/div>\n\n\t\t<div class=\"overlay\">\n\t\t\t<div class=\"content-center\">\n\t\t\t\t<div class=\"wrap text-center\">\n\t\t\t\t\t<div class=\"btn-play\">\n\t\t\t\t\t\t<span class=\"icon ion-ios-play\"><\/span>\n\t\t\t\t\t<\/div>\n\t\t\t\t\t\t\t\t\t\t\t<h4 class=\"title\">Showreel Ingrid.v.W.R - Lucilia Caesar<\/h4>\n\t\t\t\t\t\t\t\t\t<\/div>\n\t\t\t<\/div>\n\t\t<\/div>\n\t<\/div>\n\n[vc_empty_space height=\u00a0\u00bb40px\u00a0\u00bb]<div class=\"norebro-button-sc btn-wrap text-center\" \n\tid=\"norebro-custom-69e9adbc89221\"\n\t \n\t>\n\n\t<a href=\"https:\/\/ingridvwr.be\/all-productions\/\" \n\t\tclass=\"btn  btn-large full-width\">\n\n\t\t\n\t\t<span class=\"text\">\n\t\t\tView all Productions\t\t<\/span>\n\n\t\t\n\t\t\t<\/a>\n\n<\/div>[vc_empty_space height=\u00a0\u00bb40px\u00a0\u00bb]<div class=\"norebro-socialbar-sc socialbar  text-center new-tab-links inline social-column-3 shadow small\" \n\tid=\"norebro-custom-69e9adbc892f1\" \n\t \n\t>\n\n\t\n\t\t\t<a href=\" https:\/\/www.facebook.com\/ivwrekowski\/\" target=\"_blank\" class=\"facebook hover-underline\">\n\t\t\t\t\t\t\t\t\t<span class=\"social-text\">Facebook<\/span>\n\t\t\t\t\t<\/a>\n\t\n\t\t\t<a href=\" https:\/\/www.instagram.com\/ingridvwr_luciliacaesar\/\" target=\"_blank\" class=\"instagram hover-underline\">\n\t\t\t\t\t\t\t\t\t<span class=\"social-text\">Instagram<\/span>\n\t\t\t\t\t<\/a>\n\t\n\t\n\t\n\t\n\t\n\t\n\t\n\t\n\t\t\t<a href=\" https:\/\/www.youtube.com\/channel\/UCrw7GO76zY2fXNTRTv4ws7g\" class=\"youtube hover-underline\">\n\t\t\t\t\t\t\t\t\t<span class=\"social-text\">Youtube<\/span>\n\t\t\t\t\t<\/a>\n\t\n\t\n\t\n\t\n\t\n\t\n\t\n\t\n\t\n\t\n\t\n\t\n\t<\/div>[\/vc_column_inner][\/vc_row_inner][\/vc_column][vc_column width=\u00a0\u00bb3\/4&Prime; css=\u00a0\u00bb.vc_custom_1619795825570{padding-right: 20px !important;padding-left: 20px !important;}\u00a0\u00bb]<div class=\"norebro-heading-sc heading text-left\"\n\tid=\"norebro-custom-69e9adbc893e1\" \n\t \n\t data-aos-duration=\"600\">\n\t\n\t\n\t\n\t<h3 class=\"title\">\n\t\tAbout\t<\/h3>\n\n\t\n\t\t\n<\/div>[vc_empty_space height=\u00a0\u00bb20px\u00a0\u00bb]<div class=\"norebro-heading-sc heading text-left\"\n\tid=\"norebro-custom-69e9adbc894bb\" \n\t \n\t data-aos-duration=\"600\">\n\t\n\t\n\t\n\t<h3 class=\"title\">\n\t\tIngrid von Wantoch Rekowski\t<\/h3>\n\n\t\n\t\t\n<\/div>[vc_empty_space height=\u00a0\u00bb20px\u00a0\u00bb][vc_row_inner][vc_column_inner offset=\u00a0\u00bbvc_hidden-lg vc_hidden-md vc_hidden-sm\u00a0\u00bb][vc_single_image image=\u00a0\u00bb5656293&Prime; img_size=\u00a0\u00bbfull\u00a0\u00bb][vc_empty_space height=\u00a0\u00bb20px\u00a0\u00bb][\/vc_column_inner][\/vc_row_inner][vc_row_inner][vc_column_inner width=\u00a0\u00bb1\/2&Prime;][vc_column_text]\n<p style=\"text-align: Justify;\">N\u00e9e en 1967 \u00e0 Bad Godesberg (Allemagne), de nationalit\u00e9 franco-allemande, Ingrid von Wantoch Rekowski \u00e9tudie le piano, la danse et la peinture aux \u00c9tats-Unis avant d\u2019aborder la mise en sc\u00e8ne \u00e0 l\u2019INSAS (Institut National Sup\u00e9rieur des Arts et Spectacles) \u00e0 Bruxelles. Elle se forme notamment aupr\u00e8s d\u2019Eugenio Barba, Bob Wilson, Georges Aperghis, Trisha Brown, Dario Fo et Anatoli Vassiliev.<\/p>\n<p style=\"text-align: Justify;\">D\u00e8s son premier spectacle,\u00a0<a href=\"https:\/\/ingridvwr.be\/fr\/project\/in-the-woods-one-evening\/\"><em>In the woods one evening<\/em><\/a> (1994), sur des musiques d\u2019Aperghis, Buckinx, Berberian, Deak, Dzuibak et Lachert, elle met en place un langage singulier o\u00f9 s\u2019interp\u00e9n\u00e8trent les logiques de la sc\u00e8ne, de la musique, des arts plastiques et de la litt\u00e9rature. Il s\u2019agit moins pour l&rsquo;artiste de raconter une histoire que d\u2019immerger le public dans un univers particulier qui le questionne, le touche et le bouleverse. Une d\u00e9marche qu\u2019elle approfondira d\u00e9sormais avec <em>Lucilia Caesar<\/em>, compagnie de th\u00e9\u00e2tre musical autant que laboratoire de cr\u00e9ation, qu\u2019elle fonde \u00e0 Bruxelles la m\u00eame ann\u00e9e.<\/p>\n<p style=\"text-align: Justify;\"><a href=\"https:\/\/ingridvwr.be\/fr\/project\/a-ronne-ii\/\"><em>A-Ronne II<\/em><\/a>\u00a0de Berio (1996) lui apporte la reconnaissance nationale et internationale. Suivent, entre autres,\u00a0<a href=\"https:\/\/ingridvwr.be\/fr\/project\/cena-furiosa\/\"><em>Cena Furiosa<\/em><\/a>\u00a0(1999), sur des madrigaux de Monteverdi au Festival d\u2019Aix-en-Provence ;\u00a0<a href=\"https:\/\/ingridvwr.be\/fr\/project\/lohengrin\/\"><em>Lohengrin<\/em><\/a><em>\u00a0<\/em>(2001) de Sciarrino \u00e0 la Biennale de Berlin ;\u00a0<a href=\"https:\/\/ingridvwr.be\/fr\/project\/in-h-moll\/\"><em>In H-Moll<\/em>\u00a0<\/a>(2001) d\u2019apr\u00e8s la\u00a0<em>Messe en si<\/em>\u00a0de J.S. Bach pr\u00e9sent\u00e9 notamment au Festival Musica Strasbourg et aux Wiener Festwochen, et repris \u00e0 Bruxelles en d\u00e9cembre 2018 ;\u00a0<a href=\"https:\/\/ingridvwr.be\/fr\/project\/la-vergine-dei-dolori\/\"><em>La Vergine Dei Dolori<\/em><\/a>\u00a0(2003), oratorio de Scarlatti \u00e0 l\u2019op\u00e9ra San Carlo de Naples et \u00e0 Bruxelles ;\u00a0<a href=\"https:\/\/ingridvwr.be\/fr\/project\/tango-des-centaures\/\"><em>Le Tango des Centaures<\/em><\/a>\u00a0(2005) d\u2019apr\u00e8s\u00a0<em>Les M\u00e9tamorphoses <\/em>d\u2019Ovide, avec Pascal Quignard pour l\u2019\u00e9criture et Kris Defoort pour la composition ;\u00a0<a href=\"https:\/\/ingridvwr.be\/fr\/project\/mondschatten\/\"><em>Mondschatten<\/em><\/a>\u00a0(2006), op\u00e9ra de chambre de Younghi Pagh-Paan \u00e0 l\u2019Op\u00e9ra de Stuttgart ;\u00a0<a href=\"https:\/\/ingridvwr.be\/fr\/project\/lapsit-exillis\/\"><em>Lapsit exillis<\/em><\/a>\u00a0(2009) d\u2019apr\u00e8s les l\u00e9gendes arthuriennes\u00a0et\u00a0<a href=\"https:\/\/ingridvwr.be\/fr\/project\/raphael-les-sirenes-et-le-poulet\/\"><em>Rapha\u00ebl, les sir\u00e8nes et le poulet <\/em><\/a>(2011) d\u2019apr\u00e8s des duos c\u00e9l\u00e8bres, au Th\u00e9\u00e2tre National \u00e0 Bruxelles\u00a0;\u00a0<a href=\"https:\/\/ingridvwr.be\/fr\/project\/the-stereoscope-of-solitary-beings\/\"><em>Le St\u00e9r\u00e9oscope des Solitaires<\/em><\/a>\u00a0(2015), d\u2019apr\u00e8s J.R. Wilcock, parcours sonore sur une musique d\u2019Ana Maria Rodriguez, cr\u00e9\u00e9 au Man\u00e8ge de Reims (Reims Sc\u00e8nes d\u2019Europe) et au Ballhaus Ost de Berlin, puis repris au Th\u00e9\u00e2tre La Cri\u00e9e (Festival Les Musiques) \u00e0 Marseille (2016), au KunstFestSpiele Herrenhausen (2017) et au National Kaohsiung Center for the Arts de Taiwan (2019) ;\u00a0<a href=\"https:\/\/ingridvwr.be\/fr\/project\/bug\/\"><em>Bug<\/em><\/a>, coproduit avec l\u2019IRCAM (Paris) et pr\u00e9sent\u00e9 en juin 2017 \u00e0 Paris puis \u00e0 Bruxelles dans le cadre d\u2019Ars Musica, ainsi qu\u2019au Centre National C\u00e9sar\u00e9 de Reims\u00a0; <em><a href=\"https:\/\/ingridvwr.be\/fr\/project\/false-start\/\">Faux d\u00e9part<\/a>, <\/em>cr\u00e9\u00e9 dans une version \u00ab flash \u00bb sur l\u2019Esplanade Solidarno\u015b\u0107 1980 \u00e0 Bruxelles, puis dans une version de 20 minutes au festival \u00ab Court Toujours \u00bb du CDN de Thionville (2018) et au Th\u00e9\u00e2tre National \u00e0 Bruxelles (2019). Le spectacle sera repris dans une version de 50 minutes au Fringe Festival d\u2019\u00c9dimbourg 2022.<\/p>\n[\/vc_column_text][\/vc_column_inner][vc_column_inner width=\u00a0\u00bb1\/2&Prime;][vc_empty_space height=\u00a0\u00bb20px\u00a0\u00bb]<div data-norebro-portfolio-grid=\"true\"\n\tid=\"norebro-custom-69e9adbc8b86f\"\n\tclass=\"norebro-recent-projects-sc\"\n\t\t>\n\n\t\n\t\n\t<div class=\"vc_row \" data-isotope-grid=\"true\" data-lazy-container=\"projects\">\n\n\t\t\n\t\t\t\t<div class=\"portfolio-item-wrap masonry-block grid-item vc_col-lg-12 vc_col-md-12 vc_col-sm-12 vc_col-xs-12 norebro-project-item norebro-filter-project-2f812da93adf19dcfc03bef28aaed953 norebro-filter-project-c9d11eb362cfb73c2c2ac188e9034715 norebro-filter-project-1045452181abed2b9c1c338c700fcec9\" data-lazy-item=\"\" data-lazy-scope=\"projects\">\n<div class=\"portfolio-item grid-1\">\n\t<a href=\"https:\/\/ingridvwr.be\/fr\/project\/is-this-the-end-partie-ii-heres-the-woman\/\">\n\t\t<div class=\"image-wrap\"\n\t\t>\n\t\t\t\t\t\t\t<img src=\"https:\/\/ingridvwr.be\/wp-content\/uploads\/2021\/06\/3.ITTE2_@SImonVanRompay70-768x512.jpg\" alt=\"Is This the End? #2 &#8211; Here\u2019s the Woman!\">\n\t\t\t\t\t<\/div>\n\t\t<div class=\"description overlay\">\n\t\t\t<div class=\"content-center\">\n\t\t\t\t<div class=\"wrap text-center\">\n\n\t\t\t\t\t\t\t\t\t\t\t\t\t\t\t\t\t\t\t\t\t\t\t\t\t\t\t\t\t<span class=\"category\">Is This the End? &#8211; Part II Here\u2019s the Woman<\/span>\n\t\t\t\t\t\t\t\t\t\t\t\t\t<span class=\"category\">Op\u00e9ra<\/span>\n\t\t\t\t\t\t\t\t\t\t\t\t\t<span class=\"category\">Vid\u00e9o<\/span>\n\t\t\t\t\t\t\t\t\t\t\t\t\t\t\t\t\t\t\t\t\t\n\t\t\t\t\t<h4 class=\"title\">Is This the End? #2 &#8211; Here\u2019s the Woman!<\/h4>\n\t\t\t\t\t\t\t\t\t\t<div class=\"more brand-color\">\n\t\t\t\t\t\t<span class=\"ion-ios-plus-empty\"><\/span>\n\t\t\t\t\t<\/div>\n\t\t\t\t\t\t\t\t\t<\/div>\n\t\t\t<\/div>\n\t\t<\/div>\n\t<\/a>\n<\/div>\n\n\t\t\t<div class=\"clear\"><\/div>\n\t\t<\/div>\n\t\t<\/div>\n\n\t\n<\/div>\n[vc_empty_space height=\u00a0\u00bb20px\u00a0\u00bb][vc_column_text]\n<p style=\"text-align: justify;\">En septembre 2020, elle met en sc\u00e8ne <a href=\"https:\/\/ingridvwr.be\/fr\/project\/is-this-the-end-part-i-dead-little-girl\/\"><em>Dead little Girl<\/em><\/a>, premier des trois volets du pop-requiem Is this the End? compos\u00e9 par Jean-Luc Fafchamps, sur un livret d\u2019\u00c9ric Brucher. Commande de la Monnaie, cette premi\u00e8re partie est une forme hybride de \u00ab live-filmed opera \u00bb, comprenant une partie musicale et vocale ex\u00e9cut\u00e9e live, m\u00eal\u00e9e \u00e0 des s\u00e9quences pr\u00e9-film\u00e9es tourn\u00e9es dans les coulisses de l\u2019op\u00e9ra. En avril 2022, elle met en sc\u00e8ne le deuxi\u00e8me volet, <a href=\"https:\/\/ingridvwr.be\/fr\/project\/is-this-the-end-partie-ii-heres-the-woman\/\"><em>Here\u2019s the woman !<\/em><\/a> qui reprend le principe de s\u00e9quences film\u00e9e s\u2019entrem\u00ealant au jeu et au chant ex\u00e9cut\u00e9s <em>live<\/em>. Elle travaille aujourd\u2019hui sur le troisi\u00e8me volet de l\u2019\u0153uvre avec Jean-Luc Fafchamps et \u00c9ric Brucher.<\/p>\n<p style=\"text-align: justify;\">IvWR est \u00e9galement l\u2019auteur de nombreuses performances, installations et vid\u00e9os, notamment\u00a0<a href=\"https:\/\/ingridvwr.be\/fr\/project\/metamorphoses-nocturnes\/\"><em>M\u00e9tamorphoses Nocturnes <\/em><\/a>(tableaux vivants), <a href=\"https:\/\/ingridvwr.be\/fr\/project\/metamorphoses-ii-davila\/\"><em>M\u00e9tamorphoses II d\u2019Avila<\/em><\/a> (installation), <a href=\"https:\/\/ingridvwr.be\/fr\/project\/rubens-metamorfoses\/\"><em>Rubens-Metamorfoses<\/em><\/a> (vid\u00e9o),\u00a0<a href=\"https:\/\/ingridvwr.be\/fr\/project\/it-will-take-about-7-minutes\/\"><em>It will take about 7 minutes <\/em><\/a>(performance), <a href=\"https:\/\/ingridvwr.be\/fr\/project\/impromptus\/\"><em>Nocturnes<\/em>\u00a0<\/a>(performance),\u00a0<a href=\"https:\/\/ingridvwr.be\/fr\/project\/the-gallery-of-solitary-beings\/\"><em>La Galerie des Solitaires<\/em><\/a> (installation). Son dernier projet vid\u00e9o, <em><a href=\"https:\/\/ingridvwr.be\/fr\/project\/let-art-be-caress\/\">Let Art Be Caress<\/a>, <\/em>cr\u00e9\u00e9 durant le confinement, est un ab\u00e9c\u00e9daire de courtes capsules de 30 secondes exclusivement disponible online, n\u00e9 du d\u00e9sir de continuer \u00e0 partager avec le public malgr\u00e9 l\u2019inaction impos\u00e9<em>.<\/em>\u00a0Des clins d\u2019\u0153il dr\u00f4les, graves, tendres, joyeux, qui jouent des d\u00e9calages, des d\u00e9lires et de quelques iconoclasmes.<\/p>\n<p style=\"text-align: justify;\">Ingrid von Wantoch Rekowski travaille r\u00e9guli\u00e8rement avec des artistes de premier plan. Elle a ainsi collabor\u00e9 avec les compositeurs Qu Xiao-Song, Salvatore Sciarrino, Kris Defoort, Youngi Pagh-Paan, Daniele Ghisi et les chefs d\u2019orchestre Marc Minkowski, Beat Furrer, Konrad Jungh\u00e4nel, Rinaldo Alessandrini, Patrick Davin ou les \u00e9crivains Pascal Quignard et \u00c9ric Brucher.<\/p>\n<p style=\"text-align: justify;\">Elle est l\u2019invit\u00e9e de nombreux festivals et maisons de th\u00e9\u00e2tre ou d\u2019op\u00e9ra en Europe et en Asie. Ses \u0153uvres forment aujourd\u2019hui un r\u00e9pertoire repris r\u00e9guli\u00e8rement.<\/p>\n<p style=\"text-align: justify;\">Elle fut artiste associ\u00e9e au Th\u00e9\u00e2tre National \u00e0 Bruxelles de 2005 \u00e0 2011.<\/p>\n<p style=\"text-align: justify;\">Depuis 2007, Ingrid von Wantoch Rekowski donne r\u00e9guli\u00e8rement des cours \u00e0 l\u2019INSAS (Bruxelles). Elle intervient \u00e9galement dans d\u2019autres \u00e9coles artistiques europ\u00e9ennes (Aberystwyth, Lausanne, Lyon, Mons, Z\u00fcrich\u2026).<\/p>\n[\/vc_column_text][\/vc_column_inner][\/vc_row_inner][vc_row_inner][vc_column_inner offset=\u00a0\u00bbvc_hidden-lg vc_hidden-md vc_hidden-sm\u00a0\u00bb][vc_empty_space height=\u00a0\u00bb40px\u00a0\u00bb]\n\t<div class=\"norebro-video-module-sc video-module preview  with-anim\"\n\t\tid=\"norebro-custom-69e9adbc92288\"\n\t\tdata-video-module=\"https:\/\/www.youtube.com\/embed\/jR5YnuVFM4E\"\n\t\tdata-video-start=\"0\"\n\t\t\t\t data-aos-duration=\"1000\">\n\n\t\t<div class=\"image-wrap\">\n\t\t\t\t\t\t\t<img src=\"https:\/\/ingridvwr.be\/wp-content\/uploads\/2021\/04\/SSOK.jpg\" alt=\"\">\n\t\t\t\t\t<\/div>\n\n\t\t<div class=\"overlay\">\n\t\t\t<div class=\"content-center\">\n\t\t\t\t<div class=\"wrap text-center\">\n\t\t\t\t\t<div class=\"btn-play\">\n\t\t\t\t\t\t<span class=\"icon ion-ios-play\"><\/span>\n\t\t\t\t\t<\/div>\n\t\t\t\t\t\t\t\t\t\t\t<h4 class=\"title\">Showreel Ingrid.v.W.R - Lucilia Caesar<\/h4>\n\t\t\t\t\t\t\t\t\t<\/div>\n\t\t\t<\/div>\n\t\t<\/div>\n\t<\/div>\n\n[vc_empty_space height=\u00a0\u00bb40px\u00a0\u00bb]<div class=\"norebro-button-sc btn-wrap text-center\" \n\tid=\"norebro-custom-69e9adbc92316\"\n\t \n\t>\n\n\t<a href=\"https:\/\/ingridvwr.be\/all-productions\/\" \n\t\tclass=\"btn  btn-large full-width\">\n\n\t\t\n\t\t<span class=\"text\">\n\t\t\tView all Productions\t\t<\/span>\n\n\t\t\n\t\t\t<\/a>\n\n<\/div>[vc_empty_space height=\u00a0\u00bb40px\u00a0\u00bb]<div class=\"norebro-socialbar-sc socialbar  text-center new-tab-links inline social-column-3 shadow\" \n\tid=\"norebro-custom-69e9adbc9235a\" \n\t \n\t>\n\n\t\n\t\t\t<a href=\" https:\/\/www.facebook.com\/ivwrekowski\/\" target=\"_blank\" class=\"facebook hover-underline\">\n\t\t\t\t\t\t<i class=\"fab fa-facebook\"><\/i>\n\t\t\t\t\t\t\t\t\t<span class=\"social-text\">Facebook<\/span>\n\t\t\t\t\t<\/a>\n\t\n\t\t\t<a href=\" https:\/\/www.instagram.com\/ingridvwr_luciliacaesar\/\" target=\"_blank\" class=\"instagram hover-underline\">\n\t\t\t\t\t\t<i class=\"fab fa-instagram\"><\/i>\n\t\t\t\t\t\t\t\t\t<span class=\"social-text\">Instagram<\/span>\n\t\t\t\t\t<\/a>\n\t\n\t\n\t\n\t\n\t\n\t\n\t\n\t\n\t\t\t<a href=\" https:\/\/www.youtube.com\/channel\/UCrw7GO76zY2fXNTRTv4ws7g\" class=\"youtube hover-underline\">\n\t\t\t\t\t\t<i class=\"fab fa-youtube\"><\/i>\n\t\t\t\t\t\t\t\t\t<span class=\"social-text\">Youtube<\/span>\n\t\t\t\t\t<\/a>\n\t\n\t\n\t\n\t\n\t\n\t\n\t\n\t\n\t\n\t\n\t\n\t\n\t<\/div>[\/vc_column_inner][\/vc_row_inner][\/vc_column][\/vc_row][vc_row full_width=\u00a0\u00bbstretch_row\u00a0\u00bb][vc_column][vc_empty_space height=\u00a0\u00bb50px\u00a0\u00bb][\/vc_column][\/vc_row]\n","protected":false},"excerpt":{"rendered":"<p>[vc_row][vc_column][vc_empty_space height=\u00a0\u00bb150px\u00a0\u00bb][\/vc_column][\/vc_row][vc_row][vc_column width=\u00a0\u00bb1\/4&Prime; offset=\u00a0\u00bbvc_hidden-xs\u00a0\u00bb][vc_row_inner][vc_column_inner][vc_single_image image=\u00a0\u00bb5656312&Prime; img_size=\u00a0\u00bbfull\u00a0\u00bb][vc_empty_space height=\u00a0\u00bb40px\u00a0\u00bb][vc_empty_space height=\u00a0\u00bb40px\u00a0\u00bb][vc_empty_space height=\u00a0\u00bb40px\u00a0\u00bb][\/vc_column_inner][\/vc_row_inner][\/vc_column][vc_column width=\u00a0\u00bb3\/4&Prime; css=\u00a0\u00bb.vc_custom_1619795825570{padding-right: 20px !important;padding-left: 20px&#8230;<\/p>\n","protected":false},"author":3,"featured_media":0,"parent":0,"menu_order":0,"comment_status":"closed","ping_status":"closed","template":"","meta":[],"_links":{"self":[{"href":"https:\/\/ingridvwr.be\/fr\/wp-json\/wp\/v2\/pages\/5655345"}],"collection":[{"href":"https:\/\/ingridvwr.be\/fr\/wp-json\/wp\/v2\/pages"}],"about":[{"href":"https:\/\/ingridvwr.be\/fr\/wp-json\/wp\/v2\/types\/page"}],"author":[{"embeddable":true,"href":"https:\/\/ingridvwr.be\/fr\/wp-json\/wp\/v2\/users\/3"}],"replies":[{"embeddable":true,"href":"https:\/\/ingridvwr.be\/fr\/wp-json\/wp\/v2\/comments?post=5655345"}],"version-history":[{"count":10,"href":"https:\/\/ingridvwr.be\/fr\/wp-json\/wp\/v2\/pages\/5655345\/revisions"}],"predecessor-version":[{"id":5656318,"href":"https:\/\/ingridvwr.be\/fr\/wp-json\/wp\/v2\/pages\/5655345\/revisions\/5656318"}],"wp:attachment":[{"href":"https:\/\/ingridvwr.be\/fr\/wp-json\/wp\/v2\/media?parent=5655345"}],"curies":[{"name":"wp","href":"https:\/\/api.w.org\/{rel}","templated":true}]}}