{"id":5655001,"date":"2021-04-03T14:18:58","date_gmt":"2021-04-03T14:18:58","guid":{"rendered":"https:\/\/ingridvwr.be\/calendar\/"},"modified":"2025-03-13T13:37:05","modified_gmt":"2025-03-13T13:37:05","slug":"calendrier","status":"publish","type":"page","link":"https:\/\/ingridvwr.be\/fr\/calendrier\/","title":{"rendered":"Calendrier"},"content":{"rendered":"[vc_row css=\u00a0\u00bb.vc_custom_1618388405437{background-position: center !important;background-repeat: no-repeat !important;background-size: cover !important;}\u00a0\u00bb][vc_column][vc_row_inner][vc_column_inner offset=\u00a0\u00bbvc_hidden-xs\u00a0\u00bb][vc_empty_space height=\u00a0\u00bb100px\u00a0\u00bb]<div class=\"norebro-heading-sc heading text-left\"\n\tid=\"norebro-custom-69dc5043865c9\" \n\t data-aos=\"fade-left\" \n\t data-aos-duration=\"600\">\n\t\n\t\n\t\n\t<h3 class=\"title\">\n\t\tCalendar\t<\/h3>\n\n\t\n\t\t\n<\/div>[\/vc_column_inner][\/vc_row_inner][vc_row_inner][vc_column_inner offset=\u00a0\u00bbvc_hidden-lg vc_hidden-md vc_hidden-sm\u00a0\u00bb css=\u00a0\u00bb.vc_custom_1618401546952{margin-left: -10px !important;}\u00a0\u00bb][vc_empty_space height=\u00a0\u00bb140px\u00a0\u00bb]<div class=\"norebro-heading-sc heading text-left\"\n\tid=\"norebro-custom-69dc504386682\" \n\t data-aos=\"fade-left\" \n\t data-aos-duration=\"600\">\n\t\n\t\n\t\n\t<h3 class=\"title\">\n\t\tCalendar\t<\/h3>\n\n\t\n\t\t\n<\/div>[\/vc_column_inner][\/vc_row_inner][\/vc_column][\/vc_row][vc_row el_id=\u00a0\u00bbEvent 1&Prime;][vc_column width=\u00a0\u00bb2\/3&Prime; offset=\u00a0\u00bbvc_hidden-lg vc_hidden-md vc_hidden-sm vc_hidden-xs\u00a0\u00bb]<div class=\"norebro-recent-projects-sc  portfolio-grid-4 hide-scroll with-sorting without-nav\" \n\tid=\"norebro-custom-69dc504387b48\"\n\t data-aos=\"fade-right\" \n\t>\n\t\n\t<div class=\"slider full-height with-sorting without-nav\" data-norebro-slider='{\"mousewheel\":false,\"loop\":false,\"dots\":false,\"nav\":false,\"autoplay\":true,\"autoplayHoverPause\":true,\"navContainerClass\":\"slider-nav\",\"keyControl\":true,\"itemsDesktop\":\"1\",\"itemsTablet\":\"1\",\"itemsMobile\":\"1\",\"slideBy\":1,\"navSpeed\":\"500\",\"autoplayTimeout\":\"5\",\"autoHeight\":false,\"dotsClass\":\"slider-vertical-numbers\"}'>\n\t\t\t<\/div>\n\n\t\t<div class=\"scroll\">\n\t\tScroll\t<\/div>\n\t<\/div>[\/vc_column][vc_column width=\u00a0\u00bb1\/3&Prime; offset=\u00a0\u00bbvc_hidden-lg vc_hidden-md vc_hidden-sm vc_hidden-xs\u00a0\u00bb][vc_row_inner][vc_column_inner offset=\u00a0\u00bbvc_hidden-xs\u00a0\u00bb][vc_empty_space height=\u00a0\u00bb16px\u00a0\u00bb][\/vc_column_inner][\/vc_row_inner]<div class=\"norebro-heading-sc heading text-left\"\n\tid=\"norebro-custom-69dc504387c19\" \n\t data-aos=\"fade-left\" \n\t data-aos-duration=\"1000\">\n\t\n\t\n\t\n\t<h3 class=\"title\">\n\t\tDates\t<\/h3>\n\n\t\n\t\t\n<\/div>[vc_separator][vc_empty_space height=\u00a0\u00bb16px\u00a0\u00bb][vc_row_inner][vc_column_inner]<div class=\"norebro-heading-sc heading text-left\"\n\tid=\"norebro-custom-69dc504387c4e\" \n\t data-aos=\"fade-left\" \n\t data-aos-duration=\"1000\">\n\t\n\t\n\t\n\t<h3 class=\"title\">\n\t\t2021\/2022\t<\/h3>\n\n\t\n\t\t\n<\/div>[vc_empty_space height=\u00a0\u00bb16px\u00a0\u00bb][vc_column_text]\n<p style=\"text-align: left;\"><span style=\"color: #999999;\"><strong>The missing woman<br \/>\n<\/strong>S\u00e9rie de 5 capsules vid\u00e9o<\/span><\/p>\n[\/vc_column_text][vc_empty_space height=\u00a0\u00bb16px\u00a0\u00bb]<div class=\"norebro-heading-sc heading text-left\"\n\tid=\"norebro-custom-69dc504387c7e\" \n\t data-aos=\"fade-left\" \n\t data-aos-duration=\"1000\">\n\t\n\t\n\t\n\t<h3 class=\"title\">\n\t\tLa Monnaie \/ De Munt\t<\/h3>\n\n\t\n\t\t\n<\/div>[vc_empty_space height=\u00a0\u00bb16px\u00a0\u00bb]<div class=\"norebro-button-sc btn-wrap text-left\" \n\tid=\"norebro-custom-69dc504387e4c\"\n\t \n\t>\n\n\t<a href=\"https:\/\/www.lamonnaie.be\/fr\/program\/1958-is-this-the-end-2\" target=\"_blank\" \n\t\tclass=\"btn  btn-small\">\n\n\t\t\n\t\t<span class=\"text\">\n\t\t\tMore info\t\t<\/span>\n\n\t\t\n\t\t\t<\/a>\n\n<\/div>[vc_empty_space height=\u00a0\u00bb16px\u00a0\u00bb][\/vc_column_inner][\/vc_row_inner][\/vc_column][\/vc_row][vc_row][vc_column][vc_empty_space][\/vc_column][\/vc_row][vc_row][vc_column width=\u00a0\u00bb2\/3&Prime;]<div class=\"norebro-recent-projects-sc  portfolio-grid-4 hide-scroll with-sorting without-nav\" \n\tid=\"norebro-custom-69dc504388e24\"\n\t data-aos=\"fade-right\" \n\t>\n\t\n\t<div class=\"slider full-height with-sorting without-nav\" data-norebro-slider='{\"mousewheel\":false,\"loop\":false,\"dots\":false,\"nav\":false,\"autoplay\":true,\"autoplayHoverPause\":true,\"navContainerClass\":\"slider-nav\",\"keyControl\":true,\"itemsDesktop\":\"1\",\"itemsTablet\":\"1\",\"itemsMobile\":\"1\",\"slideBy\":1,\"navSpeed\":\"500\",\"autoplayTimeout\":\"5\",\"autoHeight\":false,\"dotsClass\":\"slider-vertical-numbers\"}'>\n\t\t\t\t<div class=\"slider-wrap portfolio-item-wrap\">\n\t<div class=\"portfolio-item grid-4\">\n\t\t\t\t\t<div class=\"image-wrap\" data-norebro-bg-image=\"https:\/\/ingridvwr.be\/wp-content\/uploads\/2023\/06\/1\u00a9antoine-porcher_20230620_ingrid-von-wantoch-rekowski_miserere_26.jpg\"><\/div>\n\t\t\t\t<a href=\"https:\/\/ingridvwr.be\/fr\/project\/miserere\/\">\n\t\t\t<div class=\"description overlay\">\n\t\t\t\t<div class=\"content-center\">\n\t\t\t\t\t<div class=\"wrap\">\n\t\t\t\t\t\t\n\t\t\t\t\t\t\t\t\t\t\t\t\t\t\t\t\t\t\t\t\t\t\t\t\t\t\t\t\t\t\t\t\t\t<span class=\"category\">miserere<\/span>\n\t\t\t\t\t\t\t\t\t\t\t\t\t\t\t<span class=\"category\">Th\u00e9\u00e2tre musical<\/span>\n\t\t\t\t\t\t\t\t\t\t\t\t\t\t\t\t\t\t\t\n\t\t\t\t\t\t<h4 class=\"title\">Miserere<\/h4>\n\t\t\t\t\t\t\t\t\t\t\t\t\t<div class=\"text-description\">\n\t\t\t\t\t\t\t\tLibrement inspir\u00e9 du <em>Miserere <\/em>de Jan Dismas Zelenka\n<em>Miserere <\/em>interroge la condition humaine \u00e0 travers le regard et la voix d\u2019une femme&hellip;\t\t\t\t\t\t\t<\/div>\n\t\t\t\t\t\t\t\t\t\t\t\t\t\t\t\t\t\t<a href=\"https:\/\/ingridvwr.be\/fr\/project\/miserere\/\" class=\"more hover-underline\">\n\t\t\t\t\t\t\tVoir Productions\t\t\t\t\t\t\t<span class=\"ion-ios-plus-empty\"><\/span>\n\t\t\t\t\t\t<\/a>\n\t\t\t\t\t\t\t\t\t\t\t<\/div>\n\t\t\t\t<\/div>\n\t\t\t<\/div>\n\t\t<\/a>\n\t<\/div><\/div>\t\t\t<\/div>\n\n\t\t<div class=\"scroll\">\n\t\tScroll\t<\/div>\n\t<\/div>[\/vc_column][vc_column width=\u00a0\u00bb1\/3&Prime;][vc_row_inner][vc_column_inner offset=\u00a0\u00bbvc_hidden-xs\u00a0\u00bb][vc_empty_space height=\u00a0\u00bb16px\u00a0\u00bb][\/vc_column_inner][\/vc_row_inner]<div class=\"norebro-heading-sc heading text-left\"\n\tid=\"norebro-custom-69dc50438ecae\" \n\t data-aos=\"fade-left\" \n\t data-aos-duration=\"1000\">\n\t\n\t\n\t\n\t<h3 class=\"title\">\n\t\tDates\t<\/h3>\n\n\t\n\t\t\n<\/div>[vc_separator][vc_empty_space height=\u00a0\u00bb16px\u00a0\u00bb][vc_row_inner][vc_column_inner]<div class=\"norebro-heading-sc heading text-left\"\n\tid=\"norebro-custom-69dc50438ecf2\" \n\t data-aos=\"fade-left\" \n\t data-aos-duration=\"1000\">\n\t\n\t\n\t\n\t<h3 class=\"title\">\n\t\t29-30.1, 9-10.4, 14-15.4.2026\t<\/h3>\n\n\t\n\t\t\n<\/div>[vc_empty_space height=\u00a0\u00bb16px\u00a0\u00bb][vc_column_text]\n<p style=\"text-align: left;\"><span style=\"color: #999999;\"><strong>Miserere<br \/>\n<\/strong><\/span><span style=\"color: #999999;\">Librement inspir\u00e9 du <em>Miserere<\/em> (ZWV57) de Jan Dismas Zelenka<\/span><\/p>\n[\/vc_column_text][vc_empty_space height=\u00a0\u00bb16px\u00a0\u00bb]<div class=\"norebro-heading-sc heading text-left\"\n\tid=\"norebro-custom-69dc50438ed1b\" \n\t data-aos=\"fade-left\" \n\t data-aos-duration=\"1000\">\n\t\n\t\n\t\n\t<h3 class=\"title\">\n\t\tPBA Charleroi - BE\t<\/h3>\n\n\t\n\t\t\n<\/div><div class=\"norebro-heading-sc heading text-left\"\n\tid=\"norebro-custom-69dc50438ed3f\" \n\t data-aos=\"fade-left\" \n\t data-aos-duration=\"1000\">\n\t\n\t\n\t\n\t<h3 class=\"title\">\n\t\tCentrale, La Louvi\u00e8re - BE\t<\/h3>\n\n\t\n\t\t\n<\/div><div class=\"norebro-heading-sc heading text-left\"\n\tid=\"norebro-custom-69dc50438ed60\" \n\t data-aos=\"fade-left\" \n\t data-aos-duration=\"1000\">\n\t\n\t\n\t\n\t<h3 class=\"title\">\n\t\tTh\u00e9\u00e2tre de Namur - BE\t<\/h3>\n\n\t\n\t\t\n<\/div><div class=\"norebro-heading-sc heading text-left\"\n\tid=\"norebro-custom-69dc50438ed82\" \n\t data-aos=\"fade-left\" \n\t data-aos-duration=\"1000\">\n\t\n\t\n\t\n\t<h3 class=\"title\">\n\t\tKVS - BE\t<\/h3>\n\n\t\n\t\t\n<\/div>[vc_empty_space height=\u00a0\u00bb16px\u00a0\u00bb]<div class=\"norebro-button-sc btn-wrap text-left\" \n\tid=\"norebro-custom-69dc50438edba\"\n\t \n\t>\n\n\t<a href=\"https:\/\/ingridvwr.be\/fr\/project\/miserere\/\" target=\"_blank\" \n\t\tclass=\"btn  btn-small\">\n\n\t\t\n\t\t<span class=\"text\">\n\t\t\tMore info\t\t<\/span>\n\n\t\t\n\t\t\t<\/a>\n\n<\/div>[vc_empty_space height=\u00a0\u00bb16px\u00a0\u00bb][\/vc_column_inner][\/vc_row_inner][\/vc_column][\/vc_row][vc_row][vc_column][vc_empty_space][\/vc_column][\/vc_row][vc_row][vc_column width=\u00a0\u00bb2\/3&Prime;]<div class=\"norebro-recent-projects-sc  portfolio-grid-4 hide-scroll with-sorting without-nav\" \n\tid=\"norebro-custom-69dc50438fc4c\"\n\t data-aos=\"fade-right\" \n\t>\n\t\n\t<div class=\"slider full-height with-sorting without-nav\" data-norebro-slider='{\"mousewheel\":false,\"loop\":false,\"dots\":false,\"nav\":false,\"autoplay\":true,\"autoplayHoverPause\":true,\"navContainerClass\":\"slider-nav\",\"keyControl\":true,\"itemsDesktop\":\"1\",\"itemsTablet\":\"1\",\"itemsMobile\":\"1\",\"slideBy\":1,\"navSpeed\":\"500\",\"autoplayTimeout\":\"5\",\"autoHeight\":false,\"dotsClass\":\"slider-vertical-numbers\"}'>\n\t\t\t\t<div class=\"slider-wrap portfolio-item-wrap\">\n\t<div class=\"portfolio-item grid-4\">\n\t\t\t\t\t<div class=\"image-wrap\" data-norebro-bg-image=\"https:\/\/ingridvwr.be\/wp-content\/uploads\/2025\/02\/Zonder-titel-2048-x-1367-px-1-1920x1282.png\"><\/div>\n\t\t\t\t<a href=\"https:\/\/ingridvwr.be\/fr\/project\/li-rvindje-di-labe-la-revanche-de-larbre-2\/\">\n\t\t\t<div class=\"description overlay\">\n\t\t\t\t<div class=\"content-center\">\n\t\t\t\t\t<div class=\"wrap\">\n\t\t\t\t\t\t\n\t\t\t\t\t\t\t\t\t\t\t\t\t\t\t\t\t\t\t\t\t\t\t\t\t\t\t\t\t\t\t\t\t\t<span class=\"category\">La revanche de l&#039;arbre<\/span>\n\t\t\t\t\t\t\t\t\t\t\t\t\t\t\t<span class=\"category\">Op\u00e9ra<\/span>\n\t\t\t\t\t\t\t\t\t\t\t\t\t\t\t<span class=\"category\">Th\u00e9\u00e2tre musical<\/span>\n\t\t\t\t\t\t\t\t\t\t\t\t\t\t\t\t\t\t\t\n\t\t\t\t\t\t<h4 class=\"title\">Li R\u2019vindje di l\u2019\u00c5be (La revanche de l&rsquo;arbre)<\/h4>\n\t\t\t\t\t\t\t\t\t\t\t\t\t<div class=\"text-description\">\n\t\t\t\t\t\t\t\tLe chant grandiose de nos racines et de leur beaut\u00e9\nUn ch\u00eane immense entrelace son destin \u00e9clatant et tragique \u00e0 celui des humains. \u00c0 partir du splendide diptyque en wallon&hellip;\t\t\t\t\t\t\t<\/div>\n\t\t\t\t\t\t\t\t\t\t\t\t\t\t\t\t\t\t<a href=\"https:\/\/ingridvwr.be\/fr\/project\/li-rvindje-di-labe-la-revanche-de-larbre-2\/\" class=\"more hover-underline\">\n\t\t\t\t\t\t\tVoir Productions\t\t\t\t\t\t\t<span class=\"ion-ios-plus-empty\"><\/span>\n\t\t\t\t\t\t<\/a>\n\t\t\t\t\t\t\t\t\t\t\t<\/div>\n\t\t\t\t<\/div>\n\t\t\t<\/div>\n\t\t<\/a>\n\t<\/div><\/div>\t\t\t<\/div>\n\n\t\t<div class=\"scroll\">\n\t\tScroll\t<\/div>\n\t<\/div>[\/vc_column][vc_column width=\u00a0\u00bb1\/3&Prime;][vc_row_inner][vc_column_inner offset=\u00a0\u00bbvc_hidden-xs\u00a0\u00bb][vc_empty_space height=\u00a0\u00bb16px\u00a0\u00bb][\/vc_column_inner][\/vc_row_inner]<div class=\"norebro-heading-sc heading text-left\"\n\tid=\"norebro-custom-69dc5043939bb\" \n\t data-aos=\"fade-left\" \n\t data-aos-duration=\"1000\">\n\t\n\t\n\t\n\t<h3 class=\"title\">\n\t\tDates\t<\/h3>\n\n\t\n\t\t\n<\/div>[vc_separator][vc_empty_space height=\u00a0\u00bb16px\u00a0\u00bb][vc_row_inner][vc_column_inner]<div class=\"norebro-heading-sc heading text-left\"\n\tid=\"norebro-custom-69dc5043939f7\" \n\t data-aos=\"fade-left\" \n\t data-aos-duration=\"1000\">\n\t\n\t\n\t\n\t<h3 class=\"title\">\n\t\t26-28.9, 2.10, 4.10, 8.10, 11.10, 18.10.2025\t<\/h3>\n\n\t\n\t\t\n<\/div>[vc_empty_space height=\u00a0\u00bb16px\u00a0\u00bb][vc_column_text]\n<p style=\"text-align: left;\"><span style=\"color: #999999;\"><strong>Li R\u2019vindje di l\u2019\u00c5be (La revanche de l&rsquo;arbre)<br \/>\n<\/strong><\/span><span style=\"color: #999999;\">Spectacle choral et symphonique<\/span><\/p>\n[\/vc_column_text][vc_empty_space height=\u00a0\u00bb16px\u00a0\u00bb]<div class=\"norebro-heading-sc heading text-left\"\n\tid=\"norebro-custom-69dc504393a1e\" \n\t data-aos=\"fade-left\" \n\t data-aos-duration=\"1000\">\n\t\n\t\n\t\n\t<h3 class=\"title\">\n\t\tPBA Charleroi - BE\t<\/h3>\n\n\t\n\t\t\n<\/div><div class=\"norebro-heading-sc heading text-left\"\n\tid=\"norebro-custom-69dc504393a40\" \n\t data-aos=\"fade-left\" \n\t data-aos-duration=\"1000\">\n\t\n\t\n\t\n\t<h3 class=\"title\">\n\t\tGrand Man\u00e8ge Concert Hall Namur - BE\t<\/h3>\n\n\t\n\t\t\n<\/div><div class=\"norebro-heading-sc heading text-left\"\n\tid=\"norebro-custom-69dc504393a77\" \n\t data-aos=\"fade-left\" \n\t data-aos-duration=\"1000\">\n\t\n\t\n\t\n\t<h3 class=\"title\">\n\t\tCentre Culturel Les Pyramides Welkenraedt - BE\t<\/h3>\n\n\t\n\t\t\n<\/div><div class=\"norebro-heading-sc heading text-left\"\n\tid=\"norebro-custom-69dc504393aae\" \n\t data-aos=\"fade-left\" \n\t data-aos-duration=\"1000\">\n\t\n\t\n\t\n\t<h3 class=\"title\">\n\t\tTh\u00e9\u00e2tre La Man\u00e8ge Mons - BE\t<\/h3>\n\n\t\n\t\t\n<\/div><div class=\"norebro-heading-sc heading text-left\"\n\tid=\"norebro-custom-69dc504393aee\" \n\t data-aos=\"fade-left\" \n\t data-aos-duration=\"1000\">\n\t\n\t\n\t\n\t<h3 class=\"title\">\n\t\tSalle Philharmonique Li\u00e8ge - BE\t<\/h3>\n\n\t\n\t\t\n<\/div><div class=\"norebro-heading-sc heading text-left\"\n\tid=\"norebro-custom-69dc504393b18\" \n\t data-aos=\"fade-left\" \n\t data-aos-duration=\"1000\">\n\t\n\t\n\t\n\t<h3 class=\"title\">\n\t\tMaison de la Culture Tournai - BE\t<\/h3>\n\n\t\n\t\t\n<\/div>[vc_empty_space height=\u00a0\u00bb16px\u00a0\u00bb]<div class=\"norebro-button-sc btn-wrap text-left\" \n\tid=\"norebro-custom-69dc504393b55\"\n\t \n\t>\n\n\t<a href=\"https:\/\/ingridvwr.be\/fr\/project\/li-rvindje-di-labe-la-revanche-de-larbre\/\" target=\"_blank\" \n\t\tclass=\"btn  btn-small\">\n\n\t\t\n\t\t<span class=\"text\">\n\t\t\tMore info\t\t<\/span>\n\n\t\t\n\t\t\t<\/a>\n\n<\/div>[vc_empty_space height=\u00a0\u00bb16px\u00a0\u00bb][\/vc_column_inner][\/vc_row_inner][\/vc_column][\/vc_row][vc_row][vc_column][vc_empty_space][\/vc_column][\/vc_row][vc_row][vc_column width=\u00a0\u00bb2\/3&Prime;]<div class=\"norebro-recent-projects-sc  portfolio-grid-4 hide-scroll with-sorting without-nav\" \n\tid=\"norebro-custom-69dc504394bbd\"\n\t data-aos=\"fade-right\" \n\t>\n\t\n\t<div class=\"slider full-height with-sorting without-nav\" data-norebro-slider='{\"mousewheel\":false,\"loop\":false,\"dots\":false,\"nav\":false,\"autoplay\":true,\"autoplayHoverPause\":true,\"navContainerClass\":\"slider-nav\",\"keyControl\":true,\"itemsDesktop\":\"1\",\"itemsTablet\":\"1\",\"itemsMobile\":\"1\",\"slideBy\":1,\"navSpeed\":\"500\",\"autoplayTimeout\":\"5\",\"autoHeight\":false,\"dotsClass\":\"slider-vertical-numbers\"}'>\n\t\t\t\t<div class=\"slider-wrap portfolio-item-wrap\">\n\t<div class=\"portfolio-item grid-4\">\n\t\t\t\t\t<div class=\"image-wrap\" data-norebro-bg-image=\"https:\/\/ingridvwr.be\/wp-content\/uploads\/2023\/06\/L-B1-image-de-base-Michel-Boermans-1920x1279.jpg\"><\/div>\n\t\t\t\t<a href=\"https:\/\/ingridvwr.be\/fr\/project\/love-band-freak-out-cest-chic\/\">\n\t\t\t<div class=\"description overlay\">\n\t\t\t\t<div class=\"content-center\">\n\t\t\t\t\t<div class=\"wrap\">\n\t\t\t\t\t\t\n\t\t\t\t\t\t\t\t\t\t\t\t\t\t\t\t\t\t\t\t\t\t\t\t\t\t\t\t\t\t\t\t\t\t<span class=\"category\">Love-Band<\/span>\n\t\t\t\t\t\t\t\t\t\t\t\t\t\t\t<span class=\"category\">Performance<\/span>\n\t\t\t\t\t\t\t\t\t\t\t\t\t\t\t<span class=\"category\">Th\u00e9\u00e2tre musical<\/span>\n\t\t\t\t\t\t\t\t\t\t\t\t\t\t\t\t\t\t\t\n\t\t\t\t\t\t<h4 class=\"title\">Dancing Queens (Love-band &#038; Pascale Seys)<\/h4>\n\t\t\t\t\t\t\t\t\t\t\t\t\t<div class=\"text-description\">\n\t\t\t\t\t\t\t\tPerformance\u202fdisco-philosophique\nDancing Queens r\u00e9unit deux mondes a priori sans aucun rapport : la philosophie et le disco. Il s\u2019agit d\u2019une performance musicale, chant\u00e9e&hellip;\t\t\t\t\t\t\t<\/div>\n\t\t\t\t\t\t\t\t\t\t\t\t\t\t\t\t\t\t<a href=\"https:\/\/ingridvwr.be\/fr\/project\/love-band-freak-out-cest-chic\/\" class=\"more hover-underline\">\n\t\t\t\t\t\t\tVoir Productions\t\t\t\t\t\t\t<span class=\"ion-ios-plus-empty\"><\/span>\n\t\t\t\t\t\t<\/a>\n\t\t\t\t\t\t\t\t\t\t\t<\/div>\n\t\t\t\t<\/div>\n\t\t\t<\/div>\n\t\t<\/a>\n\t<\/div><\/div>\t\t\t<\/div>\n\n\t\t<div class=\"scroll\">\n\t\tScroll\t<\/div>\n\t<\/div>[\/vc_column][vc_column width=\u00a0\u00bb1\/3&Prime;][vc_row_inner][vc_column_inner offset=\u00a0\u00bbvc_hidden-xs\u00a0\u00bb][vc_empty_space height=\u00a0\u00bb16px\u00a0\u00bb][\/vc_column_inner][\/vc_row_inner]<div class=\"norebro-heading-sc heading text-left\"\n\tid=\"norebro-custom-69dc5043985b2\" \n\t data-aos=\"fade-left\" \n\t data-aos-duration=\"1000\">\n\t\n\t\n\t\n\t<h3 class=\"title\">\n\t\tDates\t<\/h3>\n\n\t\n\t\t\n<\/div>[vc_separator][vc_empty_space height=\u00a0\u00bb16px\u00a0\u00bb][vc_row_inner][vc_column_inner]<div class=\"norebro-heading-sc heading text-left\"\n\tid=\"norebro-custom-69dc5043985f1\" \n\t data-aos=\"fade-left\" \n\t data-aos-duration=\"1000\">\n\t\n\t\n\t\n\t<h3 class=\"title\">\n\t\t29.8.2025\t<\/h3>\n\n\t\n\t\t\n<\/div>[vc_empty_space height=\u00a0\u00bb16px\u00a0\u00bb][vc_column_text]\n<p style=\"text-align: left;\"><span style=\"color: #999999;\"><strong>Love-Band (Freak out, c\u2019est chic)<br \/>\n<\/strong><\/span><span style=\"color: #999999;\">Disco-performance<\/span><\/p>\n[\/vc_column_text][vc_empty_space height=\u00a0\u00bb16px\u00a0\u00bb]<div class=\"norebro-heading-sc heading text-left\"\n\tid=\"norebro-custom-69dc50439863a\" \n\t data-aos=\"fade-left\" \n\t data-aos-duration=\"1000\">\n\t\n\t\n\t\n\t<h3 class=\"title\">\n\t\tRencontres inattendues Tournai - BE\t<\/h3>\n\n\t\n\t\t\n<\/div>[vc_empty_space height=\u00a0\u00bb16px\u00a0\u00bb]<div class=\"norebro-button-sc btn-wrap text-left\" \n\tid=\"norebro-custom-69dc504398678\"\n\t \n\t>\n\n\t<a href=\"https:\/\/ingridvwr.be\/fr\/project\/love-band-freak-out-cest-chic\/\" target=\"_blank\" \n\t\tclass=\"btn  btn-small\">\n\n\t\t\n\t\t<span class=\"text\">\n\t\t\tMore info\t\t<\/span>\n\n\t\t\n\t\t\t<\/a>\n\n<\/div>[vc_empty_space height=\u00a0\u00bb16px\u00a0\u00bb][\/vc_column_inner][\/vc_row_inner][\/vc_column][\/vc_row][vc_row][vc_column][vc_empty_space][\/vc_column][\/vc_row]\n","protected":false},"excerpt":{"rendered":"<p>[vc_row css=\u00a0\u00bb.vc_custom_1618388405437{background-position: center !important;background-repeat: no-repeat !important;background-size: cover !important;}\u00a0\u00bb][vc_column][vc_row_inner][vc_column_inner offset=\u00a0\u00bbvc_hidden-xs\u00a0\u00bb][vc_empty_space height=\u00a0\u00bb100px\u00a0\u00bb][\/vc_column_inner][\/vc_row_inner][vc_row_inner][vc_column_inner offset=\u00a0\u00bbvc_hidden-lg vc_hidden-md vc_hidden-sm\u00a0\u00bb css=\u00a0\u00bb.vc_custom_1618401546952{margin-left:&#8230;<\/p>\n","protected":false},"author":3,"featured_media":0,"parent":0,"menu_order":0,"comment_status":"closed","ping_status":"closed","template":"","meta":[],"_links":{"self":[{"href":"https:\/\/ingridvwr.be\/fr\/wp-json\/wp\/v2\/pages\/5655001"}],"collection":[{"href":"https:\/\/ingridvwr.be\/fr\/wp-json\/wp\/v2\/pages"}],"about":[{"href":"https:\/\/ingridvwr.be\/fr\/wp-json\/wp\/v2\/types\/page"}],"author":[{"embeddable":true,"href":"https:\/\/ingridvwr.be\/fr\/wp-json\/wp\/v2\/users\/3"}],"replies":[{"embeddable":true,"href":"https:\/\/ingridvwr.be\/fr\/wp-json\/wp\/v2\/comments?post=5655001"}],"version-history":[{"count":11,"href":"https:\/\/ingridvwr.be\/fr\/wp-json\/wp\/v2\/pages\/5655001\/revisions"}],"predecessor-version":[{"id":5656534,"href":"https:\/\/ingridvwr.be\/fr\/wp-json\/wp\/v2\/pages\/5655001\/revisions\/5656534"}],"wp:attachment":[{"href":"https:\/\/ingridvwr.be\/fr\/wp-json\/wp\/v2\/media?parent=5655001"}],"curies":[{"name":"wp","href":"https:\/\/api.w.org\/{rel}","templated":true}]}}